
{"id":8581,"date":"2021-04-22T14:21:07","date_gmt":"2021-04-22T12:21:07","guid":{"rendered":"https:\/\/www.olansrl.com\/scatole-di-derivazione-stagne\/"},"modified":"2023-10-27T14:35:27","modified_gmt":"2023-10-27T12:35:27","slug":"boites-de-derivation-etanches","status":"publish","type":"page","link":"https:\/\/www.olansrl.com\/fr\/boites-de-derivation-etanches\/","title":{"rendered":"Bo\u00eetes de d\u00e9rivation \u00e9tanches"},"content":{"rendered":"<div class=\"wpb-content-wrapper\">[vc_section full_width=\u00a0\u00bbstretch_row\u00a0\u00bb pix_over_visibility=\u00a0\u00bb\u00a0\u00bb responsive_css=\u00a0\u00bb{\u00ab\u00a0pix_res_sm_pt\u00ab\u00a0:\u00ab\u00a040px\u00ab\u00a0,\u00ab\u00a0pix_res_md_pt\u00ab\u00a0:\u00ab\u00a040px\u00ab\u00a0}\u00a0\u00bb css=\u00a0\u00bb.vc_custom_1619094985088{padding-top: 80px !important;padding-bottom: 120px !important;}\u00a0\u00bb][vc_row full_width=\u00a0\u00bbstretch_row\u00a0\u00bb pix_particles_check=\u00a0\u00bb\u00a0\u00bb css=\u00a0\u00bb.vc_custom_1577117954152{margin-top: 0px !important;margin-bottom: 0px !important;}\u00a0\u00bb][vc_column width=\u00a0\u00bb1\/2&Prime; css=\u00a0\u00bb.vc_custom_1619094973365{padding-bottom: 20px !important;}\u00a0\u00bb]<div id=\"H1\" class=\"pix-heading-el text-left \"><h1 class=\"text-primary font-weight-bold h1 heading-text el-title_custom_color mb-12\" style=\"\" data-anim-type=\"\" data-anim-delay=\"0\">Bo\u00eetes de d\u00e9rivation \u00e9tanches<\/h1><\/div>[\/vc_column][vc_column width=\u00a0\u00bb1\/2&Prime;]<div id=\"H2\" class=\"pix-heading-el text-left  vc_custom_1698410119423\"><h4 class=\"text-body-default h4 heading-text el-title_custom_color mb-12\" style=\"\" data-anim-type=\"\" data-anim-delay=\"0\">Con\u00e7ues pour prot\u00e9ger les circuits de c\u00e2blage et les connexions \u00e9lectriques et pour faciliter l'acc\u00e8s. Avec une large gamme d'indices IP, elles peuvent \u00eatre utilis\u00e9es dans diff\u00e9rents environnements, \u00e0 l'int\u00e9rieur comme \u00e0 l'ext\u00e9rieur, gr\u00e2ce \u00e0 leur r\u00e9sistance \u00e0 l'eau et aux chocs.<\/h4><\/div><a  href=\"https:\/\/www.olansrl.com\/contatti\/\" class=\"btn mb-2    vc_custom_1698410126804  text-heading-default btn-underline-primary d-inline-flex align-items-center    secondary-font  animate-in btn-md\"   data-anim-type=\"fade-in-up\" data-anim-delay=\"400\" ><span class=\"font-weight-bold  text-heading-default\" >Nous contacter pour plus d'informations<\/span><svg class=\"pixfort-icon font-weight-bold   ml-2\" width=\"24\" height=\"24\"  viewBox=\"2 2 20 20\"><polyline fill=\"none\" stroke=\"var(--pf-icon-color)\" stroke-linecap=\"round\" stroke-linejoin=\"round\" stroke-width=\"var(--pf-icon-stroke-width)\" points=\"9.5 17 14.5 12 9.5 7\"\/><\/svg><\/a>[\/vc_column][\/vc_row][vc_row pix_particles_check=\u00a0\u00bb\u00a0\u00bb css=\u00a0\u00bb.vc_custom_1619093828928{padding-top: 60px !important;}\u00a0\u00bb][vc_column]<div class=\"\"><div class=\"pix-portfolio\"><div class=\" portfolio_grid\" style=\"width:100%\"><div class=\"col-12 pb-4 grid-item category-boites-de-derivation-etanches   col-md-6 col-lg-6\" data-category=\"transition\"><a href=\"https:\/\/www.olansrl.com\/fr\/produits\/boites-de-derivation-murales-avec-presse-etoupes-ip55-avec-vis-1-4-de-tour\/\" class=\" fly-sm\"><div class=\"card bg-white rounded-lg overflow-hidden fly-sm shadow shadow-hover pix-mb-302 animate-in\" data-anim-type=\"fade-in\" data-anim-delay=\"200\"><img decoding=\"async\" width=\"1000\" height=\"750\" src=\"https:\/\/www.olansrl.com\/wp-content\/uploads\/2021\/12\/olan-scatole-stagne-14.jpg\" class=\"card-img-top img-fluid\" alt=\"Bo\u00eetes de d\u00e9rivation murales avec presse-\u00e9toupes IP55 avec vis \u00bc de tour\" loading=\"lazy\" style=\"height:225px !important;width:100%;object-fit: cover;\" srcset=\"https:\/\/www.olansrl.com\/wp-content\/uploads\/2021\/12\/olan-scatole-stagne-14.jpg 1000w, https:\/\/www.olansrl.com\/wp-content\/uploads\/2021\/12\/olan-scatole-stagne-14-300x225.jpg 300w, https:\/\/www.olansrl.com\/wp-content\/uploads\/2021\/12\/olan-scatole-stagne-14-768x576.jpg 768w, https:\/\/www.olansrl.com\/wp-content\/uploads\/2021\/12\/olan-scatole-stagne-14-600x450.jpg 600w\" sizes=\"(max-width: 1000px) 100vw, 1000px\" \/><div class=\"card-body\"><div class=\"d-flex justify-content-between align-items-center\"><h6 class=\"card-title mb-0 text-heading-default\"><strong>Bo\u00eetes de d\u00e9rivation murales avec presse-\u00e9toupes IP55 avec vis \u00bc de tour<\/strong><\/h6><svg class=\"pixfort-icon text-heading-default\" width=\"24\" height=\"24\"  viewBox=\"2 2 20 20\"><polyline fill=\"none\" stroke=\"var(--pf-icon-color)\" stroke-linecap=\"round\" stroke-linejoin=\"round\" stroke-width=\"var(--pf-icon-stroke-width)\" points=\"9.5 17 14.5 12 9.5 7\"\/><\/svg><\/div><\/div><\/div><\/a><\/div><div class=\"col-12 pb-4 grid-item category-boites-de-derivation-etanches   col-md-6 col-lg-6\" data-category=\"transition\"><a href=\"https:\/\/www.olansrl.com\/fr\/produits\/boites-de-derivation-murales-avec-couvercle-a-pression\/\" class=\" fly-sm\"><div class=\"card bg-white rounded-lg overflow-hidden fly-sm shadow shadow-hover pix-mb-302 animate-in\" data-anim-type=\"fade-in\" data-anim-delay=\"200\"><img decoding=\"async\" width=\"1000\" height=\"750\" src=\"https:\/\/www.olansrl.com\/wp-content\/uploads\/2021\/12\/olan-scatole-stagne-cop-pressione-1.jpg\" class=\"card-img-top img-fluid\" alt=\"Bo\u00eetes de d\u00e9rivation murales avec couvercle \u00e0 pression\" loading=\"lazy\" style=\"height:225px !important;width:100%;object-fit: cover;\" srcset=\"https:\/\/www.olansrl.com\/wp-content\/uploads\/2021\/12\/olan-scatole-stagne-cop-pressione-1.jpg 1000w, https:\/\/www.olansrl.com\/wp-content\/uploads\/2021\/12\/olan-scatole-stagne-cop-pressione-1-300x225.jpg 300w, https:\/\/www.olansrl.com\/wp-content\/uploads\/2021\/12\/olan-scatole-stagne-cop-pressione-1-768x576.jpg 768w, https:\/\/www.olansrl.com\/wp-content\/uploads\/2021\/12\/olan-scatole-stagne-cop-pressione-1-600x450.jpg 600w\" sizes=\"(max-width: 1000px) 100vw, 1000px\" \/><div class=\"card-body\"><div class=\"d-flex justify-content-between align-items-center\"><h6 class=\"card-title mb-0 text-heading-default\"><strong>Bo\u00eetes de d\u00e9rivation murales avec couvercle \u00e0 pression<\/strong><\/h6><svg class=\"pixfort-icon text-heading-default\" width=\"24\" height=\"24\"  viewBox=\"2 2 20 20\"><polyline fill=\"none\" stroke=\"var(--pf-icon-color)\" stroke-linecap=\"round\" stroke-linejoin=\"round\" stroke-width=\"var(--pf-icon-stroke-width)\" points=\"9.5 17 14.5 12 9.5 7\"\/><\/svg><\/div><\/div><\/div><\/a><\/div><div class=\"col-12 pb-4 grid-item category-boites-de-derivation-etanches   col-md-6 col-lg-6\" data-category=\"transition\"><a href=\"https:\/\/www.olansrl.com\/fr\/produits\/boites-de-jonction-murales-a-faces-pleines-ip56-avec-vis-1-4-de-tour\/\" class=\" fly-sm\"><div class=\"card bg-white rounded-lg overflow-hidden fly-sm shadow shadow-hover pix-mb-302 animate-in\" data-anim-type=\"fade-in\" data-anim-delay=\"200\"><img decoding=\"async\" width=\"1000\" height=\"750\" src=\"https:\/\/www.olansrl.com\/wp-content\/uploads\/2021\/12\/olan-scatole-stagne-IP56-viti-14_2-1.jpg\" class=\"card-img-top img-fluid\" alt=\"Bo\u00eetes de jonction murales \u00e0 faces pleines IP56 avec vis 1\/4 de tour\" loading=\"lazy\" style=\"height:225px !important;width:100%;object-fit: cover;\" srcset=\"https:\/\/www.olansrl.com\/wp-content\/uploads\/2021\/12\/olan-scatole-stagne-IP56-viti-14_2-1.jpg 1000w, https:\/\/www.olansrl.com\/wp-content\/uploads\/2021\/12\/olan-scatole-stagne-IP56-viti-14_2-1-300x225.jpg 300w, https:\/\/www.olansrl.com\/wp-content\/uploads\/2021\/12\/olan-scatole-stagne-IP56-viti-14_2-1-768x576.jpg 768w, https:\/\/www.olansrl.com\/wp-content\/uploads\/2021\/12\/olan-scatole-stagne-IP56-viti-14_2-1-600x450.jpg 600w\" sizes=\"(max-width: 1000px) 100vw, 1000px\" \/><div class=\"card-body\"><div class=\"d-flex justify-content-between align-items-center\"><h6 class=\"card-title mb-0 text-heading-default\"><strong>Bo\u00eetes de jonction murales \u00e0 faces pleines IP56 avec vis 1\/4 de tour<\/strong><\/h6><svg class=\"pixfort-icon text-heading-default\" width=\"24\" height=\"24\"  viewBox=\"2 2 20 20\"><polyline fill=\"none\" stroke=\"var(--pf-icon-color)\" stroke-linecap=\"round\" stroke-linejoin=\"round\" stroke-width=\"var(--pf-icon-stroke-width)\" points=\"9.5 17 14.5 12 9.5 7\"\/><\/svg><\/div><\/div><\/div><\/a><\/div><div class=\"col-12 pb-4 grid-item category-boites-de-derivation-etanches   col-md-6 col-lg-6\" data-category=\"transition\"><a href=\"https:\/\/www.olansrl.com\/fr\/produits\/montage-mural-avec-presse-etoupe-ip55-avec-vis-metalliques\/\" class=\" fly-sm\"><div class=\"card bg-white rounded-lg overflow-hidden fly-sm shadow shadow-hover pix-mb-302 animate-in\" data-anim-type=\"fade-in\" data-anim-delay=\"200\"><img decoding=\"async\" width=\"1000\" height=\"750\" src=\"https:\/\/www.olansrl.com\/wp-content\/uploads\/2021\/12\/olan-scatole-stagne-viti-metalliche-home.jpg\" class=\"card-img-top img-fluid\" alt=\"Montage mural avec presse-\u00e9toupe IP55 avec vis m\u00e9talliques\" loading=\"lazy\" style=\"height:225px !important;width:100%;object-fit: cover;\" srcset=\"https:\/\/www.olansrl.com\/wp-content\/uploads\/2021\/12\/olan-scatole-stagne-viti-metalliche-home.jpg 1000w, https:\/\/www.olansrl.com\/wp-content\/uploads\/2021\/12\/olan-scatole-stagne-viti-metalliche-home-300x225.jpg 300w, https:\/\/www.olansrl.com\/wp-content\/uploads\/2021\/12\/olan-scatole-stagne-viti-metalliche-home-768x576.jpg 768w, https:\/\/www.olansrl.com\/wp-content\/uploads\/2021\/12\/olan-scatole-stagne-viti-metalliche-home-600x450.jpg 600w\" sizes=\"(max-width: 1000px) 100vw, 1000px\" \/><div class=\"card-body\"><div class=\"d-flex justify-content-between align-items-center\"><h6 class=\"card-title mb-0 text-heading-default\"><strong>Montage mural avec presse-\u00e9toupe IP55 avec vis m\u00e9talliques<\/strong><\/h6><svg class=\"pixfort-icon text-heading-default\" width=\"24\" height=\"24\"  viewBox=\"2 2 20 20\"><polyline fill=\"none\" stroke=\"var(--pf-icon-color)\" stroke-linecap=\"round\" stroke-linejoin=\"round\" stroke-width=\"var(--pf-icon-stroke-width)\" points=\"9.5 17 14.5 12 9.5 7\"\/><\/svg><\/div><\/div><\/div><\/a><\/div><div class=\"col-12 pb-4 grid-item category-boites-de-derivation-etanches   col-md-6 col-lg-6\" data-category=\"transition\"><a href=\"https:\/\/www.olansrl.com\/fr\/produits\/boites-de-derivation-murales-a-cotes-lisses-ip56-avec-vis-en-metal\/\" class=\" fly-sm\"><div class=\"card bg-white rounded-lg overflow-hidden fly-sm shadow shadow-hover pix-mb-302 animate-in\" data-anim-type=\"fade-in\" data-anim-delay=\"200\"><img decoding=\"async\" width=\"1000\" height=\"750\" src=\"https:\/\/www.olansrl.com\/wp-content\/uploads\/2021\/12\/olan-scatole-stagne-IP56-viti-metalliche.jpg\" class=\"card-img-top img-fluid\" alt=\"Bo\u00eetes de d\u00e9rivation murales \u00e0 c\u00f4t\u00e9s lisses IP56 avec vis en m\u00e9tal\" loading=\"lazy\" style=\"height:225px !important;width:100%;object-fit: cover;\" srcset=\"https:\/\/www.olansrl.com\/wp-content\/uploads\/2021\/12\/olan-scatole-stagne-IP56-viti-metalliche.jpg 1000w, https:\/\/www.olansrl.com\/wp-content\/uploads\/2021\/12\/olan-scatole-stagne-IP56-viti-metalliche-300x225.jpg 300w, https:\/\/www.olansrl.com\/wp-content\/uploads\/2021\/12\/olan-scatole-stagne-IP56-viti-metalliche-768x576.jpg 768w, https:\/\/www.olansrl.com\/wp-content\/uploads\/2021\/12\/olan-scatole-stagne-IP56-viti-metalliche-600x450.jpg 600w\" sizes=\"(max-width: 1000px) 100vw, 1000px\" \/><div class=\"card-body\"><div class=\"d-flex justify-content-between align-items-center\"><h6 class=\"card-title mb-0 text-heading-default\"><strong>Bo\u00eetes de d\u00e9rivation murales \u00e0 c\u00f4t\u00e9s lisses IP56 avec vis en m\u00e9tal<\/strong><\/h6><svg class=\"pixfort-icon text-heading-default\" width=\"24\" height=\"24\"  viewBox=\"2 2 20 20\"><polyline fill=\"none\" stroke=\"var(--pf-icon-color)\" stroke-linecap=\"round\" stroke-linejoin=\"round\" stroke-width=\"var(--pf-icon-stroke-width)\" points=\"9.5 17 14.5 12 9.5 7\"\/><\/svg><\/div><\/div><\/div><\/a><\/div><div class=\"col-12 pb-4 grid-item category-boites-de-derivation-etanches   col-md-6 col-lg-6\" data-category=\"transition\"><a href=\"https:\/\/www.olansrl.com\/fr\/produits\/accessoires-pour-boites-de-jonction\/\" class=\" fly-sm\"><div class=\"card bg-white rounded-lg overflow-hidden fly-sm shadow shadow-hover pix-mb-302 animate-in\" data-anim-type=\"fade-in\" data-anim-delay=\"200\"><img decoding=\"async\" width=\"1000\" height=\"750\" src=\"https:\/\/www.olansrl.com\/wp-content\/uploads\/2021\/12\/olan-scatole-stagne-accessori.jpg\" class=\"card-img-top img-fluid\" alt=\"Accessoires pour bo\u00eetes de jonction\" loading=\"lazy\" style=\"height:225px !important;width:100%;object-fit: cover;\" srcset=\"https:\/\/www.olansrl.com\/wp-content\/uploads\/2021\/12\/olan-scatole-stagne-accessori.jpg 1000w, https:\/\/www.olansrl.com\/wp-content\/uploads\/2021\/12\/olan-scatole-stagne-accessori-300x225.jpg 300w, https:\/\/www.olansrl.com\/wp-content\/uploads\/2021\/12\/olan-scatole-stagne-accessori-768x576.jpg 768w, https:\/\/www.olansrl.com\/wp-content\/uploads\/2021\/12\/olan-scatole-stagne-accessori-600x450.jpg 600w\" sizes=\"(max-width: 1000px) 100vw, 1000px\" \/><div class=\"card-body\"><div class=\"d-flex justify-content-between align-items-center\"><h6 class=\"card-title mb-0 text-heading-default\"><strong>Accessoires pour bo\u00eetes de jonction<\/strong><\/h6><svg class=\"pixfort-icon text-heading-default\" width=\"24\" height=\"24\"  viewBox=\"2 2 20 20\"><polyline fill=\"none\" stroke=\"var(--pf-icon-color)\" stroke-linecap=\"round\" stroke-linejoin=\"round\" stroke-width=\"var(--pf-icon-stroke-width)\" points=\"9.5 17 14.5 12 9.5 7\"\/><\/svg><\/div><\/div><\/div><\/a><\/div><\/div><\/div><\/div>[\/vc_column][\/vc_row][\/vc_section]<\/div>","protected":false},"excerpt":{"rendered":"[vc_section full_width=\u00a0\u00bbstretch_row\u00a0\u00bb pix_over_visibility=\u00a0\u00bb\u00a0\u00bb responsive_css=\u00a0\u00bb{\u00ab\u00a0pix_res_sm_pt\u00ab\u00a0:\u00ab\u00a040px\u00ab\u00a0,\u00ab\u00a0pix_res_md_pt\u00ab\u00a0:\u00ab\u00a040px\u00ab\u00a0}\u00a0\u00bb css=\u00a0\u00bb.vc_custom_1619094985088{padding-top: 80px !important;padding-bottom: 120px !important;}\u00a0\u00bb][vc_row full_width=\u00a0\u00bbstretch_row\u00a0\u00bb pix_particles_check=\u00a0\u00bb\u00a0\u00bb css=\u00a0\u00bb.vc_custom_1577117954152{margin-top: 0px !important;margin-bottom: 0px !important;}\u00a0\u00bb][vc_column width=\u00a0\u00bb1\/2&Prime; css=\u00a0\u00bb.vc_custom_1619094973365{padding-bottom: 20px !important;}\u00a0\u00bb][\/vc_column][vc_column width=\u00a0\u00bb1\/2&Prime;][\/vc_column][\/vc_row][vc_row pix_particles_check=\u00a0\u00bb\u00a0\u00bb css=\u00a0\u00bb.vc_custom_1619093828928{padding-top: 60px !important;}\u00a0\u00bb][vc_column][\/vc_column][\/vc_row][\/vc_section]","protected":false},"author":1,"featured_media":0,"parent":0,"menu_order":0,"comment_status":"closed","ping_status":"closed","template":"","meta":{"inline_featured_image":false,"footnotes":""},"_links":{"self":[{"href":"https:\/\/www.olansrl.com\/fr\/wp-json\/wp\/v2\/pages\/8581"}],"collection":[{"href":"https:\/\/www.olansrl.com\/fr\/wp-json\/wp\/v2\/pages"}],"about":[{"href":"https:\/\/www.olansrl.com\/fr\/wp-json\/wp\/v2\/types\/page"}],"author":[{"embeddable":true,"href":"https:\/\/www.olansrl.com\/fr\/wp-json\/wp\/v2\/users\/1"}],"replies":[{"embeddable":true,"href":"https:\/\/www.olansrl.com\/fr\/wp-json\/wp\/v2\/comments?post=8581"}],"version-history":[{"count":3,"href":"https:\/\/www.olansrl.com\/fr\/wp-json\/wp\/v2\/pages\/8581\/revisions"}],"predecessor-version":[{"id":8635,"href":"https:\/\/www.olansrl.com\/fr\/wp-json\/wp\/v2\/pages\/8581\/revisions\/8635"}],"wp:attachment":[{"href":"https:\/\/www.olansrl.com\/fr\/wp-json\/wp\/v2\/media?parent=8581"}],"curies":[{"name":"wp","href":"https:\/\/api.w.org\/{rel}","templated":true}]}}