
{"id":8485,"date":"2021-04-22T12:40:28","date_gmt":"2021-04-22T10:40:28","guid":{"rendered":"https:\/\/www.olansrl.com\/scatole-di-derivazione-da-incasso\/"},"modified":"2023-10-27T11:24:42","modified_gmt":"2023-10-27T09:24:42","slug":"boites-de-derivation-encastrees","status":"publish","type":"page","link":"https:\/\/www.olansrl.com\/fr\/boites-de-derivation-encastrees\/","title":{"rendered":"Bo\u00eetes de d\u00e9rivation encastr\u00e9es"},"content":{"rendered":"<div class=\"wpb-content-wrapper\">[vc_section full_width=\u00a0\u00bbstretch_row\u00a0\u00bb pix_over_visibility=\u00a0\u00bb\u00a0\u00bb responsive_css=\u00a0\u00bb{\u00ab\u00a0pix_res_sm_pt\u00ab\u00a0:\u00ab\u00a040px\u00ab\u00a0,\u00ab\u00a0pix_res_md_pt\u00ab\u00a0:\u00ab\u00a040px\u00ab\u00a0}\u00a0\u00bb css=\u00a0\u00bb.vc_custom_1619094917294{padding-top: 80px !important;padding-bottom: 120px !important;}\u00a0\u00bb][vc_row full_width=\u00a0\u00bbstretch_row\u00a0\u00bb pix_particles_check=\u00a0\u00bb\u00a0\u00bb css=\u00a0\u00bb.vc_custom_1577117954152{margin-top: 0px !important;margin-bottom: 0px !important;}\u00a0\u00bb][vc_column width=\u00a0\u00bb1\/2&Prime; css=\u00a0\u00bb.vc_custom_1619094884486{padding-bottom: 20px !important;}\u00a0\u00bb]<div id=\"H1\" class=\"pix-heading-el text-left \"><h1 class=\"text-primary font-weight-bold h1 heading-text el-title_custom_color mb-12\" style=\"\" data-anim-type=\"\" data-anim-delay=\"0\">Bo\u00eetes de d\u00e9rivation encastr\u00e9es<\/h1><\/div>[\/vc_column][vc_column width=\u00a0\u00bb1\/2&Prime;]<div id=\"H2\" class=\"pix-heading-el text-left  vc_custom_1698398672083\"><h4 class=\"text-body-default h4 heading-text el-title_custom_color mb-12\" style=\"\" data-anim-type=\"\" data-anim-delay=\"0\">Elles permettent d'encastrer les interrupteurs et les prises dans le mur, ce qui donne un meilleur r\u00e9sultat esth\u00e9tique, tout en permettant d'y faire passer les c\u00e2bles \u00e0 des endroits pratiques du c\u00e2blage.<\/h4><\/div><a  href=\"https:\/\/www.olansrl.com\/contatti\/\" class=\"btn mb-2    vc_custom_1698398686197  text-heading-default btn-underline-primary d-inline-flex align-items-center    secondary-font  animate-in btn-md\"   data-anim-type=\"fade-in-up\" data-anim-delay=\"400\" ><span class=\"font-weight-bold  text-heading-default\" >Nous contacter pour plus d'informations<\/span><svg class=\"pixfort-icon font-weight-bold   ml-2\" width=\"24\" height=\"24\"  viewBox=\"2 2 20 20\"><polyline fill=\"none\" stroke=\"var(--pf-icon-color)\" stroke-linecap=\"round\" stroke-linejoin=\"round\" stroke-width=\"var(--pf-icon-stroke-width)\" points=\"9.5 17 14.5 12 9.5 7\"\/><\/svg><\/a>[\/vc_column][\/vc_row][vc_row pix_particles_check=\u00a0\u00bb\u00a0\u00bb css=\u00a0\u00bb.vc_custom_1619093828928{padding-top: 60px !important;}\u00a0\u00bb][vc_column]<div class=\"\"><div class=\"pix-portfolio\"><div class=\" portfolio_grid\" style=\"width:100%\"><div class=\"col-12 pb-4 grid-item category-boites-de-derivation-encastrees   col-md-6 col-lg-6\" data-category=\"transition\"><a href=\"https:\/\/www.olansrl.com\/fr\/produits\/boites-de-derivation-pour-murs-en-maconnerie\/\" class=\" fly-sm\"><div class=\"card bg-white rounded-lg overflow-hidden fly-sm shadow shadow-hover pix-mb-302 animate-in\" data-anim-type=\"fade-in\" data-anim-delay=\"200\"><img decoding=\"async\" width=\"1000\" height=\"750\" src=\"https:\/\/www.olansrl.com\/wp-content\/uploads\/2020\/10\/olan-scatole-derivazione-muratura-2.jpg\" class=\"card-img-top img-fluid\" alt=\"Bo\u00eetes de d\u00e9rivation pour murs en ma\u00e7onnerie\" loading=\"lazy\" style=\"height:225px !important;width:100%;object-fit: cover;\" srcset=\"https:\/\/www.olansrl.com\/wp-content\/uploads\/2020\/10\/olan-scatole-derivazione-muratura-2.jpg 1000w, https:\/\/www.olansrl.com\/wp-content\/uploads\/2020\/10\/olan-scatole-derivazione-muratura-2-300x225.jpg 300w, https:\/\/www.olansrl.com\/wp-content\/uploads\/2020\/10\/olan-scatole-derivazione-muratura-2-768x576.jpg 768w, https:\/\/www.olansrl.com\/wp-content\/uploads\/2020\/10\/olan-scatole-derivazione-muratura-2-600x450.jpg 600w\" sizes=\"(max-width: 1000px) 100vw, 1000px\" \/><div class=\"card-body\"><div class=\"d-flex justify-content-between align-items-center\"><h6 class=\"card-title mb-0 text-heading-default\"><strong>Bo\u00eetes de d\u00e9rivation pour murs en ma\u00e7onnerie<\/strong><\/h6><svg class=\"pixfort-icon text-heading-default\" width=\"24\" height=\"24\"  viewBox=\"2 2 20 20\"><polyline fill=\"none\" stroke=\"var(--pf-icon-color)\" stroke-linecap=\"round\" stroke-linejoin=\"round\" stroke-width=\"var(--pf-icon-stroke-width)\" points=\"9.5 17 14.5 12 9.5 7\"\/><\/svg><\/div><\/div><\/div><\/a><\/div><div class=\"col-12 pb-4 grid-item category-boites-de-derivation-encastrees   col-md-6 col-lg-6\" data-category=\"transition\"><a href=\"https:\/\/www.olansrl.com\/fr\/produits\/boites-de-derivation-pour-cloisons-en-plaques-de-platre\/\" class=\" fly-sm\"><div class=\"card bg-white rounded-lg overflow-hidden fly-sm shadow shadow-hover pix-mb-302 animate-in\" data-anim-type=\"fade-in\" data-anim-delay=\"200\"><img decoding=\"async\" width=\"1000\" height=\"750\" src=\"https:\/\/www.olansrl.com\/wp-content\/uploads\/2020\/10\/olan-scatole-derivazione-cartongesso-1.jpg\" class=\"card-img-top img-fluid\" alt=\"Bo\u00eetes de d\u00e9rivation pour cloisons en plaques de pl\u00e2tre\" loading=\"lazy\" style=\"height:225px !important;width:100%;object-fit: cover;\" srcset=\"https:\/\/www.olansrl.com\/wp-content\/uploads\/2020\/10\/olan-scatole-derivazione-cartongesso-1.jpg 1000w, https:\/\/www.olansrl.com\/wp-content\/uploads\/2020\/10\/olan-scatole-derivazione-cartongesso-1-300x225.jpg 300w, https:\/\/www.olansrl.com\/wp-content\/uploads\/2020\/10\/olan-scatole-derivazione-cartongesso-1-768x576.jpg 768w, https:\/\/www.olansrl.com\/wp-content\/uploads\/2020\/10\/olan-scatole-derivazione-cartongesso-1-600x450.jpg 600w\" sizes=\"(max-width: 1000px) 100vw, 1000px\" \/><div class=\"card-body\"><div class=\"d-flex justify-content-between align-items-center\"><h6 class=\"card-title mb-0 text-heading-default\"><strong>Bo\u00eetes de d\u00e9rivation pour cloisons en plaques de pl\u00e2tre<\/strong><\/h6><svg class=\"pixfort-icon text-heading-default\" width=\"24\" height=\"24\"  viewBox=\"2 2 20 20\"><polyline fill=\"none\" stroke=\"var(--pf-icon-color)\" stroke-linecap=\"round\" stroke-linejoin=\"round\" stroke-width=\"var(--pf-icon-stroke-width)\" points=\"9.5 17 14.5 12 9.5 7\"\/><\/svg><\/div><\/div><\/div><\/a><\/div><\/div><\/div><\/div>[\/vc_column][\/vc_row][\/vc_section]<\/div>","protected":false},"excerpt":{"rendered":"[vc_section full_width=\u00a0\u00bbstretch_row\u00a0\u00bb pix_over_visibility=\u00a0\u00bb\u00a0\u00bb responsive_css=\u00a0\u00bb{\u00ab\u00a0pix_res_sm_pt\u00ab\u00a0:\u00ab\u00a040px\u00ab\u00a0,\u00ab\u00a0pix_res_md_pt\u00ab\u00a0:\u00ab\u00a040px\u00ab\u00a0}\u00a0\u00bb css=\u00a0\u00bb.vc_custom_1619094917294{padding-top: 80px !important;padding-bottom: 120px !important;}\u00a0\u00bb][vc_row full_width=\u00a0\u00bbstretch_row\u00a0\u00bb pix_particles_check=\u00a0\u00bb\u00a0\u00bb css=\u00a0\u00bb.vc_custom_1577117954152{margin-top: 0px !important;margin-bottom: 0px !important;}\u00a0\u00bb][vc_column width=\u00a0\u00bb1\/2&Prime; css=\u00a0\u00bb.vc_custom_1619094884486{padding-bottom: 20px !important;}\u00a0\u00bb][\/vc_column][vc_column width=\u00a0\u00bb1\/2&Prime;][\/vc_column][\/vc_row][vc_row pix_particles_check=\u00a0\u00bb\u00a0\u00bb css=\u00a0\u00bb.vc_custom_1619093828928{padding-top: 60px !important;}\u00a0\u00bb][vc_column][\/vc_column][\/vc_row][\/vc_section]","protected":false},"author":1,"featured_media":0,"parent":0,"menu_order":0,"comment_status":"closed","ping_status":"closed","template":"","meta":{"inline_featured_image":false,"footnotes":""},"_links":{"self":[{"href":"https:\/\/www.olansrl.com\/fr\/wp-json\/wp\/v2\/pages\/8485"}],"collection":[{"href":"https:\/\/www.olansrl.com\/fr\/wp-json\/wp\/v2\/pages"}],"about":[{"href":"https:\/\/www.olansrl.com\/fr\/wp-json\/wp\/v2\/types\/page"}],"author":[{"embeddable":true,"href":"https:\/\/www.olansrl.com\/fr\/wp-json\/wp\/v2\/users\/1"}],"replies":[{"embeddable":true,"href":"https:\/\/www.olansrl.com\/fr\/wp-json\/wp\/v2\/comments?post=8485"}],"version-history":[{"count":4,"href":"https:\/\/www.olansrl.com\/fr\/wp-json\/wp\/v2\/pages\/8485\/revisions"}],"predecessor-version":[{"id":8489,"href":"https:\/\/www.olansrl.com\/fr\/wp-json\/wp\/v2\/pages\/8485\/revisions\/8489"}],"wp:attachment":[{"href":"https:\/\/www.olansrl.com\/fr\/wp-json\/wp\/v2\/media?parent=8485"}],"curies":[{"name":"wp","href":"https:\/\/api.w.org\/{rel}","templated":true}]}}