
{"id":8459,"date":"2020-10-28T10:03:58","date_gmt":"2020-10-28T09:03:58","guid":{"rendered":"https:\/\/www.olansrl.com\/cataloghi-2\/"},"modified":"2026-02-25T10:38:57","modified_gmt":"2026-02-25T09:38:57","slug":"catalogues","status":"publish","type":"page","link":"https:\/\/www.olansrl.com\/fr\/catalogues\/","title":{"rendered":"Catalogues"},"content":{"rendered":"<div class=\"wpb-content-wrapper\">[vc_section full_width=\u00a0\u00bbstretch_row\u00a0\u00bb pix_over_visibility=\u00a0\u00bb\u00a0\u00bb css=\u00a0\u00bb.vc_custom_1642515171292{border-bottom-width: 3px !important;padding-top: 80px !important;padding-bottom: 80px !important;background-color: #006399 !important;border-bottom-color: #009fe3 !important;border-bottom-style: solid !important;}\u00a0\u00bb][vc_row full_width=\u00a0\u00bbstretch_row\u00a0\u00bb content_placement=\u00a0\u00bbmiddle\u00a0\u00bb pix_particles_check=\u00a0\u00bb\u00a0\u00bb][vc_column width=\u00a0\u00bb7\/12&Prime; css=\u00a0\u00bb.vc_custom_1591151105707{padding-bottom: 40px !important;}\u00a0\u00bb]<span class=\"pix-badge-element h6 d-inline-flex mr-1 animate-in\" data-anim-type=\"fade-in-up\" data-anim-delay=\"0\"><span class=\"badge font-weight-bold secondary-font bg-secondary  vc_custom_1698397393639  \" style=\" \"><span class=\"text-white\" style=\"\">T\u00c9L\u00c9CHARGER LES CATALOGUES<\/span><\/span><\/span><div id=\"H2\" class=\"pix-heading-el text-left  vc_custom_1698397413070\"><h2 class=\"font-weight-bold h2 heading-text el-title_custom_color mb-12\" style=\"color:#e0f2fb !important;\" data-anim-type=\"\" data-anim-delay=\"0\">Olan, nous g\u00e9rons votre \u00e9nergie<\/h2><\/div><div class=\"pix-el-text w-100   vc_custom_1698397434417\" ><div class=\"d-inline-block\" style=\"max-width:750px;\"><p class=\"text-20  text-white  \" >Depuis plus de 40 ans, Olan a conquis tous les installateurs du secteur \u00e9lectrique en offrant les meilleures solutions du march\u00e9. La large gamme de produits et une s\u00e9rie de services essentiels ajoutant de la valeur aux clients sont les caract\u00e9ristiques qui distinguent l&rsquo;entreprise et qui ne passent pas inaper\u00e7ues.\r\nLe d\u00e9veloppement technologique continu et l&rsquo;attention port\u00e9e aux nouvelles normes et certifications du secteur permettent de proposer des produits et des solutions r\u00e9pondant \u00e0 tous les besoins. Olan : se renouveler et s&rsquo;am\u00e9liorer pour grandir.<\/p><\/div><\/div>[\/vc_column][vc_column width=\u00a0\u00bb5\/12&Prime;]<div class=\"pix-content-box card      vc_custom_1590979651552    rounded-xl shadow-lg shadow-hover-lg animate-in bg- w-100  \"  data-anim-type=\"fade-in-up\" data-anim-delay=\"0\"><div class=\"\" style=\"z-index:30;position:relative;\"><div class=\"pix-el-text w-100 text-center  vc_custom_1619183263566\" ><p class=\"text-24  text-primary text-center font-weight-bold\" >Richiesta informazioni sui nostri cataloghi<\/p><\/div>\n<div class=\"wpcf7 no-js\" id=\"wpcf7-f9997-o1\" lang=\"en-US\" dir=\"ltr\">\n<div class=\"screen-reader-response\"><p role=\"status\" aria-live=\"polite\" aria-atomic=\"true\"><\/p> <ul><\/ul><\/div>\n<form action=\"\/fr\/wp-json\/wp\/v2\/pages\/8459#wpcf7-f9997-o1\" method=\"post\" class=\"wpcf7-form init\" aria-label=\"Contact form\" novalidate=\"novalidate\" data-status=\"init\">\n<div style=\"display: none;\">\n<input type=\"hidden\" name=\"_wpcf7\" value=\"9997\" \/>\n<input type=\"hidden\" name=\"_wpcf7_version\" value=\"5.9.8\" \/>\n<input type=\"hidden\" name=\"_wpcf7_locale\" value=\"en_US\" \/>\n<input type=\"hidden\" name=\"_wpcf7_unit_tag\" value=\"wpcf7-f9997-o1\" \/>\n<input type=\"hidden\" name=\"_wpcf7_container_post\" value=\"0\" \/>\n<input type=\"hidden\" name=\"_wpcf7_posted_data_hash\" value=\"\" \/>\n<\/div>\n<div class=\"pix-contact7-form\"><div class=\"row\">\n\t<div class=\"col-md-6\">\n\t\t<p><label class=\"w-100\">Nom et pr\u00e9nom<br \/>\n<span class=\"wpcf7-form-control-wrap\" data-name=\"your-name\"><input size=\"40\" maxlength=\"400\" class=\"wpcf7-form-control wpcf7-text wpcf7-validates-as-required pix-my-5 form-control bg-gray-1 shadow-0\" aria-required=\"true\" aria-invalid=\"false\" placeholder=\"\" value=\"\" type=\"text\" name=\"your-name\" \/><\/span><\/label>\n\t\t<\/p>\n\t<\/div>\n\t<div class=\"col-md-6\">\n\t\t<p><label class=\"w-100\">E-mail<br \/>\n<span class=\"wpcf7-form-control-wrap\" data-name=\"your-email\"><input size=\"40\" maxlength=\"400\" class=\"wpcf7-form-control wpcf7-email wpcf7-validates-as-required wpcf7-text wpcf7-validates-as-email pix-my-5 form-control bg-gray-1 shadow-0\" aria-required=\"true\" aria-invalid=\"false\" placeholder=\"\" value=\"\" type=\"email\" name=\"your-email\" \/><\/span><\/label>\n\t\t<\/p>\n\t<\/div>\n<\/div>\n<div class=\"row\">\n\t<div class=\"col-md-6\">\n\t\t<p><label class=\"w-100\">T\u00e9l\u00e9phone<span class=\"wpcf7-form-control-wrap\" data-name=\"tel-996\"><input size=\"40\" maxlength=\"400\" class=\"wpcf7-form-control wpcf7-tel wpcf7-text wpcf7-validates-as-tel pix-mt-5 form-control bg-gray-1 shadow-0\" aria-invalid=\"false\" placeholder=\"\" value=\"\" type=\"tel\" name=\"tel-996\" \/><\/span> <\/label>\n\t\t<\/p>\n\t<\/div>\n\t<div class=\"col-md-6\">\n\t\t<p><label class=\"w-100\">S\u00e9lectionnez le catalogue<span class=\"wpcf7-form-control-wrap\" data-name=\"menu-747\"><select class=\"wpcf7-form-control wpcf7-select pixfort-select pix-my-5 form-control bg-gray-1 shadow-0\" aria-invalid=\"false\" name=\"menu-747\"><option value=\"\">&#8212;Please choose an option&#8212;<\/option><option value=\"Tarif\">Tarif<\/option><option value=\"Catalogue\">Catalogue<\/option><\/select><\/span> <\/label>\n\t\t<\/p>\n\t<\/div>\n<\/div>\n<p><label class=\"w-100\">Demande<span class=\"wpcf7-form-control-wrap\" data-name=\"your-message\"><textarea cols=\"40\" rows=\"2\" maxlength=\"2000\" class=\"wpcf7-form-control wpcf7-textarea pix-my-5 form-control bg-gray-1 shadow-0\" aria-invalid=\"false\" placeholder=\"\" name=\"your-message\"><\/textarea><\/span> <\/label>\n<\/p>\n<div class=\"wpcf7-inline-wrapper\">\n\t<p><span class=\"wpcf7-form-control-wrap\" data-name=\"privacy\"><span class=\"wpcf7-form-control wpcf7-acceptance\"><span class=\"wpcf7-list-item\"><input type=\"checkbox\" name=\"privacy\" value=\"1\" aria-invalid=\"false\" \/><\/span><\/span><\/span>\u00a0J'ai lu le <a href=\"privacy\">Privacy Policy<\/a> et j'autorise l'utilisation des donn\u00e9es.\n\t<\/p>\n<\/div>\n<p><small>Ce site est prot\u00e9g\u00e9 par reCAPTCHA et le <a href=\"https:\/\/policies.google.com\/privacy\" target=\"_blank\" rel=\"nofollow noopener noreferrer\">politique de confidentialit\u00e9<\/a> et moi <a href=\"https:\/\/policies.google.com\/terms\" target=\"_blank\" rel=\"nofollow noopener noreferrer\">Conditions d'utilisation de Google<\/a>.<\/small>\n<\/p>\n<p><input class=\"wpcf7-form-control wpcf7-submit has-spinner btn btn-secondary text-white w-100 pix-mt-10 font-weight-bold btn-lg secondary-font\" type=\"submit\" value=\"Envoyer\" \/>\n<\/p><\/div><div class=\"wpcf7-response-output\" aria-hidden=\"true\"><\/div>\n<\/form>\n<\/div>\n<\/div><\/div>[\/vc_column][\/vc_row][\/vc_section][vc_section full_width=\u00a0\u00bbstretch_row\u00a0\u00bb pix_over_visibility=\u00a0\u00bb\u00a0\u00bb pix_visibility=\u00a0\u00bb1&Prime; css=\u00a0\u00bb.vc_custom_1619082719617{padding-top: 100px !important;padding-bottom: 120px !important;}\u00a0\u00bb el_id=\u00a0\u00bbdownload\u00a0\u00bb][vc_row full_width=\u00a0\u00bbstretch_row\u00a0\u00bb pix_particles_check=\u00a0\u00bb\u00a0\u00bb css=\u00a0\u00bb.vc_custom_1619017735461{padding-bottom: 0px !important;}\u00a0\u00bb][vc_column width=\u00a0\u00bb1\/2&Prime; css=\u00a0\u00bb.vc_custom_1619017773159{padding-bottom: 35px !important;}\u00a0\u00bb]<div class=\"card  overflow-hidden row no-gutters flex-column flex-md-row flex-md-row-reverse   vc_custom_1772012331711 shadow  animate-in \" data-anim-delay=\"0\" data-anim-type=\"fade-in-up\"><div class=\"card-body d-flex2 align-content-between flex-wrap col-md-6 p-lg-5 p-md-5 p-4 \"><div id=\"sliding-text-69788320\" class=\"mb-3 text-left  vc_custom_1698397450241\"><h5 class=\"mb-32 pix-sliding-headline-2 animate-in font-weight-bold secondary-font \" data-anim-type=\"pix-sliding-text\" pix-anim-delay=\"500\" data-class=\"secondary-font text-heading-default\" style=\"\"><span class=\"slide-in-container \"><span class=\"pix-sliding-item secondary-font text-heading-default\" style=\"transition-delay: 0ms;\">Catalogue&#32;<\/span><\/span> <\/h5><\/div><div class=\"pix-el-text w-100   vc_custom_1698397465923\" ><p class=\"  text-body-default  \" ><span class=\"text-body-default animate-in d-inline-block\" data-anim-delay=\"200\" data-anim-type=\"fade-in-up\">Production de mat\u00e9riel \u00e9lectrique.<\/span><\/p><\/div><a  href=\"https:\/\/www.olansrl.com\/PDF\/Catalogo-Export.pdf\" class=\"btn mb-2     shadow-sm text-white btn-primary d-inline-flex align-items-center pix-hover-item       animate-in btn-normal\" target=\"_blank\" rel=\"noopener\"  data-anim-type=\"fade-in-up\" data-anim-delay=\"400\" ><svg class=\"pixfort-icon font-weight-bold  pix-hover-left  mr-2\" width=\"24\" height=\"24\"  viewBox=\"2 2 20 20\"><path fill=\"none\" stroke=\"var(--pf-icon-color)\" stroke-linecap=\"round\" stroke-linejoin=\"round\" stroke-width=\"var(--pf-icon-stroke-width)\" d=\"M12,3 L12,16 M6,11 L12,17 L18,11 M3,17 L3,19 C3,20.1045695 3.8954305,21 5,21 L19,21 C20.1045695,21 21,20.1045695 21,19 L21,17 L21,17\"\/><\/svg><span class=\"font-weight-bold \" >T\u00e9l\u00e9charger le catalogue<\/span><\/a><\/div><div class=\"flex-column d-inline-flex position-relative col-md-6\"><img decoding=\"async\" class=\"card-img pix-fit-cover rounded-0 flex-grow-1 h-100\" srcset=\"https:\/\/www.olansrl.com\/wp-content\/uploads\/2026\/02\/Catalogo-Export-26-212x300.jpg 212w, https:\/\/www.olansrl.com\/wp-content\/uploads\/2026\/02\/Catalogo-Export-26.jpg 679w\" src=\"https:\/\/www.olansrl.com\/wp-content\/uploads\/2026\/02\/Catalogo-Export-26.jpg\" alt=\"\" \/><\/div><\/div>\n[\/vc_column][vc_column width=\u00a0\u00bb1\/2&Prime; css=\u00a0\u00bb.vc_custom_1619017761265{padding-bottom: 35px !important;}\u00a0\u00bb][\/vc_column][\/vc_row][\/vc_section]<\/div>","protected":false},"excerpt":{"rendered":"[vc_section full_width=\u00a0\u00bbstretch_row\u00a0\u00bb pix_over_visibility=\u00a0\u00bb\u00a0\u00bb css=\u00a0\u00bb.vc_custom_1642515171292{border-bottom-width: 3px !important;padding-top: 80px !important;padding-bottom: 80px !important;background-color: #006399 !important;border-bottom-color: #009fe3 !important;border-bottom-style: solid !important;}\u00a0\u00bb][vc_row full_width=\u00a0\u00bbstretch_row\u00a0\u00bb content_placement=\u00a0\u00bbmiddle\u00a0\u00bb pix_particles_check=\u00a0\u00bb\u00a0\u00bb][vc_column width=\u00a0\u00bb7\/12&Prime; css=\u00a0\u00bb.vc_custom_1591151105707{padding-bottom: 40px !important;}\u00a0\u00bb][\/vc_column][vc_column width=\u00a0\u00bb5\/12&Prime;][\/vc_column][\/vc_row][\/vc_section][vc_section full_width=\u00a0\u00bbstretch_row\u00a0\u00bb pix_over_visibility=\u00a0\u00bb\u00a0\u00bb pix_visibility=\u00a0\u00bb1&Prime; css=\u00a0\u00bb.vc_custom_1619082719617{padding-top: 100px !important;padding-bottom: 120px !important;}\u00a0\u00bb el_id=\u00a0\u00bbdownload\u00a0\u00bb][vc_row full_width=\u00a0\u00bbstretch_row\u00a0\u00bb pix_particles_check=\u00a0\u00bb\u00a0\u00bb css=\u00a0\u00bb.vc_custom_1619017735461{padding-bottom: 0px !important;}\u00a0\u00bb][vc_column width=\u00a0\u00bb1\/2&Prime; css=\u00a0\u00bb.vc_custom_1619017773159{padding-bottom:&#8230;","protected":false},"author":1,"featured_media":0,"parent":0,"menu_order":0,"comment_status":"closed","ping_status":"closed","template":"","meta":{"inline_featured_image":false,"footnotes":""},"_links":{"self":[{"href":"https:\/\/www.olansrl.com\/fr\/wp-json\/wp\/v2\/pages\/8459"}],"collection":[{"href":"https:\/\/www.olansrl.com\/fr\/wp-json\/wp\/v2\/pages"}],"about":[{"href":"https:\/\/www.olansrl.com\/fr\/wp-json\/wp\/v2\/types\/page"}],"author":[{"embeddable":true,"href":"https:\/\/www.olansrl.com\/fr\/wp-json\/wp\/v2\/users\/1"}],"replies":[{"embeddable":true,"href":"https:\/\/www.olansrl.com\/fr\/wp-json\/wp\/v2\/comments?post=8459"}],"version-history":[{"count":10,"href":"https:\/\/www.olansrl.com\/fr\/wp-json\/wp\/v2\/pages\/8459\/revisions"}],"predecessor-version":[{"id":18049,"href":"https:\/\/www.olansrl.com\/fr\/wp-json\/wp\/v2\/pages\/8459\/revisions\/18049"}],"wp:attachment":[{"href":"https:\/\/www.olansrl.com\/fr\/wp-json\/wp\/v2\/media?parent=8459"}],"curies":[{"name":"wp","href":"https:\/\/api.w.org\/{rel}","templated":true}]}}