{"id":9976,"date":"2021-03-19T14:14:01","date_gmt":"2021-03-19T13:14:01","guid":{"rendered":"https:\/\/www.olansrl.com\/privacy-policy\/"},"modified":"2023-10-31T15:17:51","modified_gmt":"2023-10-31T14:17:51","slug":"privacy-policy","status":"publish","type":"page","link":"https:\/\/www.olansrl.com\/es\/privacy-policy\/","title":{"rendered":"Privacy Policy"},"content":{"rendered":"<div class=\"wpb-content-wrapper\">[vc_row pix_particles_check=\u00bb\u00bb css=\u00bb.vc_custom_1619019042532{padding-top: 50px !important;padding-bottom: 80px !important;}\u00bb][vc_column]<div id=\"H1\" class=\"pix-heading-el text-left  vc_custom_1619019066873\"><h2 class=\"text-primary font-weight-bold h2 heading-text el-title_custom_color mb-12\" style=\"\" data-anim-type=\"\" data-anim-delay=\"0\">Privacy Policy<\/h2><\/div>[vc_column_text]<strong>RGPD: INFORMACI\u00d3N CONFORME AL ART. 13 DEL REGLAMENTO EUROPEO 2016\/679 PARA EL TRATAMIENTO DE DATOS PERSONALES<\/strong>\r\nEn cumplimiento del Reglamento Europeo 2016\/679 (tambi\u00e9n \u00abGDPR\u00bb) le proporcionamos la informaci\u00f3n necesaria sobre el tratamiento de los datos personales proporcionados por usted.\r\n\r\n<strong>1. Responsable del tratamiento<\/strong>\r\nEl Responsable del tratamiento es la empresa Olan S.r.l. con domicilio social en Via Rotondi, 7 -20037 Paderno Dugnano (MI), n\u00famero de IVA y C.F. 01369280167, Tel\u00e9fono:+39 02 99055317, Correo electr\u00f3nico: privacidad@olan.it\r\n\r\n<strong>2. Finalidad del tratamiento<\/strong>\r\nEl tratamiento de los Datos Personales proporcionados al completar el primer formulario de contacto (\u00abFormulario\u00bb) y en las fases posteriores de tratamiento con respecto a la selecci\u00f3n del Proyecto se realiza con la finalidad de dar seguimiento a sus solicitudes de contacto e informaci\u00f3n, enviar ofertas en este sentido a los productos y servicios solicitados al Responsable del tratamiento y en la realizaci\u00f3n de todas las actividades de comunicaci\u00f3n siempre vinculadas a la respuesta a sus solicitudes de contacto y oferta; intereses leg\u00edtimos del Responsable del tratamiento.\r\n\r\n<strong>3. Base jur\u00eddica y legalidad<\/strong>\r\nPara los fines mencionados en el punto A, la base jur\u00eddica puede identificarse en las obligaciones precontractuales relacionadas con la respuesta a las solicitudes del interesado y\/o la prestaci\u00f3n de un servicio. Tenga en cuenta que los datos proporcionados tambi\u00e9n pueden procesarse para la protecci\u00f3n de intereses leg\u00edtimos a que se refiere la finalidad B, del Responsable del tratamiento, como actividades de marketing directo o defensa ante los tribunales. Tambi\u00e9n se aplicar\u00e1n a esto los principios de necesidad, proporcionalidad y no exceso.\r\n\r\n<strong>4. Destinatarios o categor\u00edas de destinatarios de los datos, transferencia al extranjero<\/strong>\r\nNo se divulgar\u00e1n datos personales de ninguna manera. Sus datos podr\u00e1n ser comunicados a sujetos espec\u00edficos considerados destinatarios o a personas autorizadas para procesar dichos datos bajo la autoridad del Responsable del tratamiento, as\u00ed como a trav\u00e9s de encargados del tratamiento vinculados al Responsable del tratamiento por contrato espec\u00edfico.\r\nEn concreto, los datos ser\u00e1n compartidos con:\r\n&#8211; sujetos que prestan servicios para la gesti\u00f3n del sistema de informaci\u00f3n y de las redes de telecomunicaciones, incluidos el correo electr\u00f3nico, los boletines informativos y que gestionan el Sitio utilizado por el Responsable del tratamiento;\r\n&#8211; estudios o empresas en el marco de relaciones de asistencia y asesoramiento;\r\n&#8211; terceros que colaboran con el Responsable del tratamiento para actividades de marketing directo;\r\n&#8211; autoridades competentes para el cumplimiento de obligaciones legales y\/o disposiciones de organismos p\u00fablicos.\r\nSus datos ser\u00e1n tratados por el Responsable del tratamiento dentro del territorio de la Uni\u00f3n Europea. En el caso de que por motivos t\u00e9cnicos y\/u operativos sea necesario recurrir a sujetos ubicados fuera de la Uni\u00f3n Europea, la transferencia de datos personales, limitada a la realizaci\u00f3n de actividades de tratamiento espec\u00edficas, se regular\u00e1 de conformidad con lo previsto en en el Cap\u00edtulo V del Reglamento, adoptando todas las precauciones necesarias para garantizar la m\u00e1s completa protecci\u00f3n de sus datos basando esta transferencia: (i) en decisiones de adecuaci\u00f3n de los terceros pa\u00edses receptores expresadas por la Comisi\u00f3n Europea; (ii) sobre garant\u00edas adecuadas expresadas por el tercero destinatario de conformidad con el art\u00edculo 46 del Reglamento; (iii) sobre la adopci\u00f3n de normas corporativas vinculantes.\r\n\r\n<strong>5. Plazos de conservaci\u00f3n<\/strong>\r\nSus datos personales para las finalidades A ser\u00e1n tratados durante un per\u00edodo de tiempo igual al m\u00ednimo necesario, es decir, hasta la terminaci\u00f3n de cualquier relaci\u00f3n precontractual y contractual vigente con el Responsable del tratamiento, teniendo en cuenta los plazos de prescripci\u00f3n legales y las obligaciones de conservaci\u00f3n. de car\u00e1cter fiscal o de otra \u00edndole previstos por ley o reglamento para los cuales se aplicar\u00e1 el principio de no franquicia.\r\nEn este caso los datos se conservar\u00e1n durante un m\u00e1ximo de 10 a\u00f1os que coincidan con los plazos civiles. Los datos facilitados para las finalidades B y C se conservar\u00e1n durante el plazo estrictamente necesario para alcanzar la finalidad declarada y, en todo caso, para la finalidad indicada en el punto B hasta que se revoque su consentimiento.\r\n\r\n<strong>6. M\u00e9todos de tratamiento<\/strong>\r\nEl tratamiento se realizar\u00e1 tanto con herramientas manuales como inform\u00e1ticas y telem\u00e1ticas, respetando la normativa vigente y los principios de correcci\u00f3n, licitud, transparencia, pertinencia, exhaustividad y no excedencia, precisi\u00f3n y con una l\u00f3gica de organizaci\u00f3n y tratamiento estrictamente relacionada con el finalidades perseguidas y en todo caso con el fin de garantizar la seguridad, integridad y confidencialidad de los datos tratados, respetando las medidas organizativas, f\u00edsicas y l\u00f3gicas previstas por las disposiciones vigentes.\r\n\r\n<strong>7. Los derechos del interesado<\/strong>\r\n\r\nUsted tiene derecho, en cualquier momento, a solicitar al Responsable del tratamiento el acceso a sus datos personales (art. 15), la rectificaci\u00f3n (art. 16) o la cancelaci\u00f3n (art. 17) de los mismos, o la limitaci\u00f3n del tratamiento ( art. 18) o a oponerse a su tratamiento basado en el inter\u00e9s leg\u00edtimo (art. 21) o a la portabilidad de sus datos (art. 20) y a presentar una reclamaci\u00f3n ante una autoridad de control (art. 77).\r\nLe informamos que tiene derecho a retirar el consentimiento al tratamiento de sus datos en cualquier momento, sin perjuicio de la licitud del tratamiento basado en el consentimiento prestado antes de la revocaci\u00f3n (art\u00edculos 6 y 9). En caso de solicitud de portabilidad de datos, el Responsable del tratamiento le proporcionar\u00e1 en un formato estructurado, de uso com\u00fan y legible, mediante dispositivo autom\u00e1tico, los datos personales que le conciernen, sin perjuicio de lo dispuesto en los apartados 3 y 4 del art. 20 del RGPD.\r\n\r\nPara ejercer sus derechos o para cualquier solicitud o necesidad relacionada con esta informaci\u00f3n, cont\u00e1ctenos a la direcci\u00f3n de correo electr\u00f3nico: privacidad@olan.it.\r\n\r\nResponsable del tratamiento: <strong>La empresa Olan S.r.l.<\/strong>[\/vc_column_text][\/vc_column][\/vc_row]<\/div>","protected":false},"excerpt":{"rendered":"[vc_row pix_particles_check=\u00bb\u00bb css=\u00bb.vc_custom_1619019042532{padding-top: 50px !important;padding-bottom: 80px !important;}\u00bb][vc_column][vc_column_text]RGPD: INFORMACI\u00d3N CONFORME AL ART. 13 DEL REGLAMENTO EUROPEO 2016\/679 PARA EL TRATAMIENTO DE DATOS PERSONALES En cumplimiento del Reglamento Europeo 2016\/679 (tambi\u00e9n \u00abGDPR\u00bb) le proporcionamos la informaci\u00f3n necesaria sobre el tratamiento de los&#8230;","protected":false},"author":1,"featured_media":0,"parent":0,"menu_order":0,"comment_status":"closed","ping_status":"closed","template":"","meta":{"inline_featured_image":false,"footnotes":""},"_links":{"self":[{"href":"https:\/\/www.olansrl.com\/es\/wp-json\/wp\/v2\/pages\/9976"}],"collection":[{"href":"https:\/\/www.olansrl.com\/es\/wp-json\/wp\/v2\/pages"}],"about":[{"href":"https:\/\/www.olansrl.com\/es\/wp-json\/wp\/v2\/types\/page"}],"author":[{"embeddable":true,"href":"https:\/\/www.olansrl.com\/es\/wp-json\/wp\/v2\/users\/1"}],"replies":[{"embeddable":true,"href":"https:\/\/www.olansrl.com\/es\/wp-json\/wp\/v2\/comments?post=9976"}],"version-history":[{"count":1,"href":"https:\/\/www.olansrl.com\/es\/wp-json\/wp\/v2\/pages\/9976\/revisions"}],"predecessor-version":[{"id":9980,"href":"https:\/\/www.olansrl.com\/es\/wp-json\/wp\/v2\/pages\/9976\/revisions\/9980"}],"wp:attachment":[{"href":"https:\/\/www.olansrl.com\/es\/wp-json\/wp\/v2\/media?parent=9976"}],"curies":[{"name":"wp","href":"https:\/\/api.w.org\/{rel}","templated":true}]}}