
{"id":8582,"date":"2021-04-22T14:21:07","date_gmt":"2021-04-22T12:21:07","guid":{"rendered":"https:\/\/www.olansrl.com\/scatole-di-derivazione-stagne\/"},"modified":"2023-10-27T12:58:35","modified_gmt":"2023-10-27T10:58:35","slug":"cajas-de-derivacion-estancas","status":"publish","type":"page","link":"https:\/\/www.olansrl.com\/es\/cajas-de-derivacion-estancas\/","title":{"rendered":"Cajas de derivaci\u00f3n estancas"},"content":{"rendered":"<div class=\"wpb-content-wrapper\">[vc_section full_width=\u00bbstretch_row\u00bb pix_over_visibility=\u00bb\u00bb responsive_css=\u00bb{\u00abpix_res_sm_pt\u00ab:\u00ab40px\u00ab,\u00abpix_res_md_pt\u00ab:\u00ab40px\u00ab}\u00bb css=\u00bb.vc_custom_1619094985088{padding-top: 80px !important;padding-bottom: 120px !important;}\u00bb][vc_row full_width=\u00bbstretch_row\u00bb pix_particles_check=\u00bb\u00bb css=\u00bb.vc_custom_1577117954152{margin-top: 0px !important;margin-bottom: 0px !important;}\u00bb][vc_column width=\u00bb1\/2&#8243; css=\u00bb.vc_custom_1619094973365{padding-bottom: 20px !important;}\u00bb]<div id=\"H1\" class=\"pix-heading-el text-left \"><h1 class=\"text-primary font-weight-bold h1 heading-text el-title_custom_color mb-12\" style=\"\" data-anim-type=\"\" data-anim-delay=\"0\">Cajas de derivaci\u00f3n estancas<\/h1><\/div>[\/vc_column][vc_column width=\u00bb1\/2&#8243;]<div id=\"H2\" class=\"pix-heading-el text-left  vc_custom_1698404298015\"><h4 class=\"text-body-default h4 heading-text el-title_custom_color mb-12\" style=\"\" data-anim-type=\"\" data-anim-delay=\"0\">Dise\u00f1adas para proteger los circuitos de cableado y las conexiones el\u00e9ctricas y facilitar el acceso. Con una amplia gama de grados IP, pueden utilizarse en diferentes entornos, tanto en interiores como en exteriores, gracias a su resistencia al agua y a los golpes.<\/h4><\/div><a  href=\"https:\/\/www.olansrl.com\/contatti\/\" class=\"btn mb-2    vc_custom_1698404315918  text-heading-default btn-underline-primary d-inline-flex align-items-center    secondary-font  animate-in btn-md\"   data-anim-type=\"fade-in-up\" data-anim-delay=\"400\" ><span class=\"font-weight-bold  text-heading-default\" >P\u00f3ngase en contacto con nosotros para obtener m\u00e1s informaci\u00f3n<\/span><svg class=\"pixfort-icon font-weight-bold   ml-2\" width=\"24\" height=\"24\"  viewBox=\"2 2 20 20\"><polyline fill=\"none\" stroke=\"var(--pf-icon-color)\" stroke-linecap=\"round\" stroke-linejoin=\"round\" stroke-width=\"var(--pf-icon-stroke-width)\" points=\"9.5 17 14.5 12 9.5 7\"\/><\/svg><\/a>[\/vc_column][\/vc_row][vc_row pix_particles_check=\u00bb\u00bb css=\u00bb.vc_custom_1619093828928{padding-top: 60px !important;}\u00bb][vc_column]<div class=\"\"><div class=\"pix-portfolio\"><div class=\" portfolio_grid\" style=\"width:100%\"><div class=\"col-12 pb-4 grid-item category-cajas-de-derivacion-estancas   col-md-6 col-lg-6\" data-category=\"transition\"><a href=\"https:\/\/www.olansrl.com\/es\/productos\/cajas-de-derivacion-murales-con-prensaestopas-ip55-con-tornillos-de-%c2%bc-de-vuelta\/\" class=\" fly-sm\"><div class=\"card bg-white rounded-lg overflow-hidden fly-sm shadow shadow-hover pix-mb-302 animate-in\" data-anim-type=\"fade-in\" data-anim-delay=\"200\"><img decoding=\"async\" width=\"1000\" height=\"750\" src=\"https:\/\/www.olansrl.com\/wp-content\/uploads\/2021\/12\/olan-scatole-stagne-14.jpg\" class=\"card-img-top img-fluid\" alt=\"Con prensaestopas IP55 con tornillos de \u00bc de vuelta\" loading=\"lazy\" style=\"height:225px !important;width:100%;object-fit: cover;\" srcset=\"https:\/\/www.olansrl.com\/wp-content\/uploads\/2021\/12\/olan-scatole-stagne-14.jpg 1000w, https:\/\/www.olansrl.com\/wp-content\/uploads\/2021\/12\/olan-scatole-stagne-14-300x225.jpg 300w, https:\/\/www.olansrl.com\/wp-content\/uploads\/2021\/12\/olan-scatole-stagne-14-768x576.jpg 768w, https:\/\/www.olansrl.com\/wp-content\/uploads\/2021\/12\/olan-scatole-stagne-14-600x450.jpg 600w\" sizes=\"(max-width: 1000px) 100vw, 1000px\" \/><div class=\"card-body\"><div class=\"d-flex justify-content-between align-items-center\"><h6 class=\"card-title mb-0 text-heading-default\"><strong>Con prensaestopas IP55 con tornillos de \u00bc de vuelta<\/strong><\/h6><svg class=\"pixfort-icon text-heading-default\" width=\"24\" height=\"24\"  viewBox=\"2 2 20 20\"><polyline fill=\"none\" stroke=\"var(--pf-icon-color)\" stroke-linecap=\"round\" stroke-linejoin=\"round\" stroke-width=\"var(--pf-icon-stroke-width)\" points=\"9.5 17 14.5 12 9.5 7\"\/><\/svg><\/div><\/div><\/div><\/a><\/div><div class=\"col-12 pb-4 grid-item category-cajas-de-derivacion-estancas   col-md-6 col-lg-6\" data-category=\"transition\"><a href=\"https:\/\/www.olansrl.com\/es\/productos\/cajas-de-derivacion-murales-con-tapa-a-presion\/\" class=\" fly-sm\"><div class=\"card bg-white rounded-lg overflow-hidden fly-sm shadow shadow-hover pix-mb-302 animate-in\" data-anim-type=\"fade-in\" data-anim-delay=\"200\"><img decoding=\"async\" width=\"1000\" height=\"750\" src=\"https:\/\/www.olansrl.com\/wp-content\/uploads\/2021\/12\/olan-scatole-stagne-cop-pressione-1.jpg\" class=\"card-img-top img-fluid\" alt=\"Murales con tapa a presi\u00f3n\" loading=\"lazy\" style=\"height:225px !important;width:100%;object-fit: cover;\" srcset=\"https:\/\/www.olansrl.com\/wp-content\/uploads\/2021\/12\/olan-scatole-stagne-cop-pressione-1.jpg 1000w, https:\/\/www.olansrl.com\/wp-content\/uploads\/2021\/12\/olan-scatole-stagne-cop-pressione-1-300x225.jpg 300w, https:\/\/www.olansrl.com\/wp-content\/uploads\/2021\/12\/olan-scatole-stagne-cop-pressione-1-768x576.jpg 768w, https:\/\/www.olansrl.com\/wp-content\/uploads\/2021\/12\/olan-scatole-stagne-cop-pressione-1-600x450.jpg 600w\" sizes=\"(max-width: 1000px) 100vw, 1000px\" \/><div class=\"card-body\"><div class=\"d-flex justify-content-between align-items-center\"><h6 class=\"card-title mb-0 text-heading-default\"><strong>Murales con tapa a presi\u00f3n<\/strong><\/h6><svg class=\"pixfort-icon text-heading-default\" width=\"24\" height=\"24\"  viewBox=\"2 2 20 20\"><polyline fill=\"none\" stroke=\"var(--pf-icon-color)\" stroke-linecap=\"round\" stroke-linejoin=\"round\" stroke-width=\"var(--pf-icon-stroke-width)\" points=\"9.5 17 14.5 12 9.5 7\"\/><\/svg><\/div><\/div><\/div><\/a><\/div><div class=\"col-12 pb-4 grid-item category-cajas-de-derivacion-estancas   col-md-6 col-lg-6\" data-category=\"transition\"><a href=\"https:\/\/www.olansrl.com\/es\/productos\/cajas-de-derivacion-murales-con-laterales-lisos-ip56-con-tornillos-de-1-4-de-vuelta\/\" class=\" fly-sm\"><div class=\"card bg-white rounded-lg overflow-hidden fly-sm shadow shadow-hover pix-mb-302 animate-in\" data-anim-type=\"fade-in\" data-anim-delay=\"200\"><img decoding=\"async\" width=\"1000\" height=\"750\" src=\"https:\/\/www.olansrl.com\/wp-content\/uploads\/2021\/12\/olan-scatole-stagne-IP56-viti-14_2-1.jpg\" class=\"card-img-top img-fluid\" alt=\"Murales con laterales lisos IP56 con tornillos de 1\/4 de vuelta\" loading=\"lazy\" style=\"height:225px !important;width:100%;object-fit: cover;\" srcset=\"https:\/\/www.olansrl.com\/wp-content\/uploads\/2021\/12\/olan-scatole-stagne-IP56-viti-14_2-1.jpg 1000w, https:\/\/www.olansrl.com\/wp-content\/uploads\/2021\/12\/olan-scatole-stagne-IP56-viti-14_2-1-300x225.jpg 300w, https:\/\/www.olansrl.com\/wp-content\/uploads\/2021\/12\/olan-scatole-stagne-IP56-viti-14_2-1-768x576.jpg 768w, https:\/\/www.olansrl.com\/wp-content\/uploads\/2021\/12\/olan-scatole-stagne-IP56-viti-14_2-1-600x450.jpg 600w\" sizes=\"(max-width: 1000px) 100vw, 1000px\" \/><div class=\"card-body\"><div class=\"d-flex justify-content-between align-items-center\"><h6 class=\"card-title mb-0 text-heading-default\"><strong>Murales con laterales lisos IP56 con tornillos de 1\/4 de vuelta<\/strong><\/h6><svg class=\"pixfort-icon text-heading-default\" width=\"24\" height=\"24\"  viewBox=\"2 2 20 20\"><polyline fill=\"none\" stroke=\"var(--pf-icon-color)\" stroke-linecap=\"round\" stroke-linejoin=\"round\" stroke-width=\"var(--pf-icon-stroke-width)\" points=\"9.5 17 14.5 12 9.5 7\"\/><\/svg><\/div><\/div><\/div><\/a><\/div><div class=\"col-12 pb-4 grid-item category-cajas-de-derivacion-estancas   col-md-6 col-lg-6\" data-category=\"transition\"><a href=\"https:\/\/www.olansrl.com\/es\/productos\/cajas-murales-con-pasacables-ip55-con-tornillos-metalicos\/\" class=\" fly-sm\"><div class=\"card bg-white rounded-lg overflow-hidden fly-sm shadow shadow-hover pix-mb-302 animate-in\" data-anim-type=\"fade-in\" data-anim-delay=\"200\"><img decoding=\"async\" width=\"1000\" height=\"750\" src=\"https:\/\/www.olansrl.com\/wp-content\/uploads\/2021\/12\/olan-scatole-stagne-viti-metalliche-home.jpg\" class=\"card-img-top img-fluid\" alt=\"Murales con pasacables IP55 con tornillos met\u00e1licos\" loading=\"lazy\" style=\"height:225px !important;width:100%;object-fit: cover;\" srcset=\"https:\/\/www.olansrl.com\/wp-content\/uploads\/2021\/12\/olan-scatole-stagne-viti-metalliche-home.jpg 1000w, https:\/\/www.olansrl.com\/wp-content\/uploads\/2021\/12\/olan-scatole-stagne-viti-metalliche-home-300x225.jpg 300w, https:\/\/www.olansrl.com\/wp-content\/uploads\/2021\/12\/olan-scatole-stagne-viti-metalliche-home-768x576.jpg 768w, https:\/\/www.olansrl.com\/wp-content\/uploads\/2021\/12\/olan-scatole-stagne-viti-metalliche-home-600x450.jpg 600w\" sizes=\"(max-width: 1000px) 100vw, 1000px\" \/><div class=\"card-body\"><div class=\"d-flex justify-content-between align-items-center\"><h6 class=\"card-title mb-0 text-heading-default\"><strong>Murales con pasacables IP55 con tornillos met\u00e1licos<\/strong><\/h6><svg class=\"pixfort-icon text-heading-default\" width=\"24\" height=\"24\"  viewBox=\"2 2 20 20\"><polyline fill=\"none\" stroke=\"var(--pf-icon-color)\" stroke-linecap=\"round\" stroke-linejoin=\"round\" stroke-width=\"var(--pf-icon-stroke-width)\" points=\"9.5 17 14.5 12 9.5 7\"\/><\/svg><\/div><\/div><\/div><\/a><\/div><div class=\"col-12 pb-4 grid-item category-cajas-de-derivacion-estancas   col-md-6 col-lg-6\" data-category=\"transition\"><a href=\"https:\/\/www.olansrl.com\/es\/productos\/cajas-de-derivacion-murales-con-laterales-lisos-ip56-con-tornillos-metalicos\/\" class=\" fly-sm\"><div class=\"card bg-white rounded-lg overflow-hidden fly-sm shadow shadow-hover pix-mb-302 animate-in\" data-anim-type=\"fade-in\" data-anim-delay=\"200\"><img decoding=\"async\" width=\"1000\" height=\"750\" src=\"https:\/\/www.olansrl.com\/wp-content\/uploads\/2021\/12\/olan-scatole-stagne-IP56-viti-metalliche.jpg\" class=\"card-img-top img-fluid\" alt=\"Murales con laterales lisos IP56 con tornillos met\u00e1licos\" loading=\"lazy\" style=\"height:225px !important;width:100%;object-fit: cover;\" srcset=\"https:\/\/www.olansrl.com\/wp-content\/uploads\/2021\/12\/olan-scatole-stagne-IP56-viti-metalliche.jpg 1000w, https:\/\/www.olansrl.com\/wp-content\/uploads\/2021\/12\/olan-scatole-stagne-IP56-viti-metalliche-300x225.jpg 300w, https:\/\/www.olansrl.com\/wp-content\/uploads\/2021\/12\/olan-scatole-stagne-IP56-viti-metalliche-768x576.jpg 768w, https:\/\/www.olansrl.com\/wp-content\/uploads\/2021\/12\/olan-scatole-stagne-IP56-viti-metalliche-600x450.jpg 600w\" sizes=\"(max-width: 1000px) 100vw, 1000px\" \/><div class=\"card-body\"><div class=\"d-flex justify-content-between align-items-center\"><h6 class=\"card-title mb-0 text-heading-default\"><strong>Murales con laterales lisos IP56 con tornillos met\u00e1licos<\/strong><\/h6><svg class=\"pixfort-icon text-heading-default\" width=\"24\" height=\"24\"  viewBox=\"2 2 20 20\"><polyline fill=\"none\" stroke=\"var(--pf-icon-color)\" stroke-linecap=\"round\" stroke-linejoin=\"round\" stroke-width=\"var(--pf-icon-stroke-width)\" points=\"9.5 17 14.5 12 9.5 7\"\/><\/svg><\/div><\/div><\/div><\/a><\/div><div class=\"col-12 pb-4 grid-item category-cajas-de-derivacion-estancas   col-md-6 col-lg-6\" data-category=\"transition\"><a href=\"https:\/\/www.olansrl.com\/es\/productos\/accesorios-para-cajas-de-derivacion\/\" class=\" fly-sm\"><div class=\"card bg-white rounded-lg overflow-hidden fly-sm shadow shadow-hover pix-mb-302 animate-in\" data-anim-type=\"fade-in\" data-anim-delay=\"200\"><img decoding=\"async\" width=\"1000\" height=\"750\" src=\"https:\/\/www.olansrl.com\/wp-content\/uploads\/2021\/12\/olan-scatole-stagne-accessori.jpg\" class=\"card-img-top img-fluid\" alt=\"Accesorios\" loading=\"lazy\" style=\"height:225px !important;width:100%;object-fit: cover;\" srcset=\"https:\/\/www.olansrl.com\/wp-content\/uploads\/2021\/12\/olan-scatole-stagne-accessori.jpg 1000w, https:\/\/www.olansrl.com\/wp-content\/uploads\/2021\/12\/olan-scatole-stagne-accessori-300x225.jpg 300w, https:\/\/www.olansrl.com\/wp-content\/uploads\/2021\/12\/olan-scatole-stagne-accessori-768x576.jpg 768w, https:\/\/www.olansrl.com\/wp-content\/uploads\/2021\/12\/olan-scatole-stagne-accessori-600x450.jpg 600w\" sizes=\"(max-width: 1000px) 100vw, 1000px\" \/><div class=\"card-body\"><div class=\"d-flex justify-content-between align-items-center\"><h6 class=\"card-title mb-0 text-heading-default\"><strong>Accesorios<\/strong><\/h6><svg class=\"pixfort-icon text-heading-default\" width=\"24\" height=\"24\"  viewBox=\"2 2 20 20\"><polyline fill=\"none\" stroke=\"var(--pf-icon-color)\" stroke-linecap=\"round\" stroke-linejoin=\"round\" stroke-width=\"var(--pf-icon-stroke-width)\" points=\"9.5 17 14.5 12 9.5 7\"\/><\/svg><\/div><\/div><\/div><\/a><\/div><\/div><\/div><\/div>[\/vc_column][\/vc_row][\/vc_section]<\/div>","protected":false},"excerpt":{"rendered":"[vc_section full_width=\u00bbstretch_row\u00bb pix_over_visibility=\u00bb\u00bb responsive_css=\u00bb{\u00abpix_res_sm_pt\u00ab:\u00ab40px\u00ab,\u00abpix_res_md_pt\u00ab:\u00ab40px\u00ab}\u00bb css=\u00bb.vc_custom_1619094985088{padding-top: 80px !important;padding-bottom: 120px !important;}\u00bb][vc_row full_width=\u00bbstretch_row\u00bb pix_particles_check=\u00bb\u00bb css=\u00bb.vc_custom_1577117954152{margin-top: 0px !important;margin-bottom: 0px !important;}\u00bb][vc_column width=\u00bb1\/2&#8243; css=\u00bb.vc_custom_1619094973365{padding-bottom: 20px !important;}\u00bb][\/vc_column][vc_column width=\u00bb1\/2&#8243;][\/vc_column][\/vc_row][vc_row pix_particles_check=\u00bb\u00bb css=\u00bb.vc_custom_1619093828928{padding-top: 60px !important;}\u00bb][vc_column][\/vc_column][\/vc_row][\/vc_section]","protected":false},"author":1,"featured_media":0,"parent":0,"menu_order":0,"comment_status":"closed","ping_status":"closed","template":"","meta":{"inline_featured_image":false,"footnotes":""},"_links":{"self":[{"href":"https:\/\/www.olansrl.com\/es\/wp-json\/wp\/v2\/pages\/8582"}],"collection":[{"href":"https:\/\/www.olansrl.com\/es\/wp-json\/wp\/v2\/pages"}],"about":[{"href":"https:\/\/www.olansrl.com\/es\/wp-json\/wp\/v2\/types\/page"}],"author":[{"embeddable":true,"href":"https:\/\/www.olansrl.com\/es\/wp-json\/wp\/v2\/users\/1"}],"replies":[{"embeddable":true,"href":"https:\/\/www.olansrl.com\/es\/wp-json\/wp\/v2\/comments?post=8582"}],"version-history":[{"count":3,"href":"https:\/\/www.olansrl.com\/es\/wp-json\/wp\/v2\/pages\/8582\/revisions"}],"predecessor-version":[{"id":8587,"href":"https:\/\/www.olansrl.com\/es\/wp-json\/wp\/v2\/pages\/8582\/revisions\/8587"}],"wp:attachment":[{"href":"https:\/\/www.olansrl.com\/es\/wp-json\/wp\/v2\/media?parent=8582"}],"curies":[{"name":"wp","href":"https:\/\/api.w.org\/{rel}","templated":true}]}}