
{"id":8479,"date":"2021-04-22T12:40:28","date_gmt":"2021-04-22T10:40:28","guid":{"rendered":"https:\/\/www.olansrl.com\/scatole-di-derivazione-da-incasso\/"},"modified":"2023-10-27T11:19:06","modified_gmt":"2023-10-27T09:19:06","slug":"cajas-de-empalmes-empotradas","status":"publish","type":"page","link":"https:\/\/www.olansrl.com\/es\/cajas-de-empalmes-empotradas\/","title":{"rendered":"Cajas de empalmes empotradas"},"content":{"rendered":"<div class=\"wpb-content-wrapper\">[vc_section full_width=\u00bbstretch_row\u00bb pix_over_visibility=\u00bb\u00bb responsive_css=\u00bb{\u00abpix_res_sm_pt\u00ab:\u00ab40px\u00ab,\u00abpix_res_md_pt\u00ab:\u00ab40px\u00ab}\u00bb css=\u00bb.vc_custom_1619094917294{padding-top: 80px !important;padding-bottom: 120px !important;}\u00bb][vc_row full_width=\u00bbstretch_row\u00bb pix_particles_check=\u00bb\u00bb css=\u00bb.vc_custom_1577117954152{margin-top: 0px !important;margin-bottom: 0px !important;}\u00bb][vc_column width=\u00bb1\/2&#8243; css=\u00bb.vc_custom_1619094884486{padding-bottom: 20px !important;}\u00bb]<div id=\"H1\" class=\"pix-heading-el text-left \"><h1 class=\"text-primary font-weight-bold h1 heading-text el-title_custom_color mb-12\" style=\"\" data-anim-type=\"\" data-anim-delay=\"0\">Cajas de empalmes empotradas<\/h1><\/div>[\/vc_column][vc_column width=\u00bb1\/2&#8243;]<div id=\"H2\" class=\"pix-heading-el text-left  vc_custom_1698398304886\"><h4 class=\"text-body-default h4 heading-text el-title_custom_color mb-12\" style=\"\" data-anim-type=\"\" data-anim-delay=\"0\">Permiten empotrar los interruptores y enchufes en la pared, con lo que se consigue un mejor resultado est\u00e9tico, al tiempo que los cables pueden introducirse en ellas en los puntos convenientes del cableado.<\/h4><\/div><a  href=\"https:\/\/www.olansrl.com\/contatti\/\" class=\"btn mb-2    vc_custom_1698398329183  text-heading-default btn-underline-primary d-inline-flex align-items-center    secondary-font  animate-in btn-md\"   data-anim-type=\"fade-in-up\" data-anim-delay=\"400\" ><span class=\"font-weight-bold  text-heading-default\" >P\u00f3ngase en contacto con nosotros para obtener m\u00e1s informaci\u00f3n<\/span><svg class=\"pixfort-icon font-weight-bold   ml-2\" width=\"24\" height=\"24\"  viewBox=\"2 2 20 20\"><polyline fill=\"none\" stroke=\"var(--pf-icon-color)\" stroke-linecap=\"round\" stroke-linejoin=\"round\" stroke-width=\"var(--pf-icon-stroke-width)\" points=\"9.5 17 14.5 12 9.5 7\"\/><\/svg><\/a>[\/vc_column][\/vc_row][vc_row pix_particles_check=\u00bb\u00bb css=\u00bb.vc_custom_1619093828928{padding-top: 60px !important;}\u00bb][vc_column]<div class=\"\"><div class=\"pix-portfolio\"><div class=\" portfolio_grid\" style=\"width:100%\"><div class=\"col-12 pb-4 grid-item category-cajas-de-empalmes-empotradas   col-md-6 col-lg-6\" data-category=\"transition\"><a href=\"https:\/\/www.olansrl.com\/es\/productos\/boites-de-derivation-pour-murs-en-maconnerie\/\" class=\" fly-sm\"><div class=\"card bg-white rounded-lg overflow-hidden fly-sm shadow shadow-hover pix-mb-302 animate-in\" data-anim-type=\"fade-in\" data-anim-delay=\"200\"><img decoding=\"async\" width=\"1000\" height=\"750\" src=\"https:\/\/www.olansrl.com\/wp-content\/uploads\/2020\/10\/olan-scatole-derivazione-muratura-2.jpg\" class=\"card-img-top img-fluid\" alt=\"Cajas de derivaci\u00f3n para muros de mamposter\u00eda\" loading=\"lazy\" style=\"height:225px !important;width:100%;object-fit: cover;\" srcset=\"https:\/\/www.olansrl.com\/wp-content\/uploads\/2020\/10\/olan-scatole-derivazione-muratura-2.jpg 1000w, https:\/\/www.olansrl.com\/wp-content\/uploads\/2020\/10\/olan-scatole-derivazione-muratura-2-300x225.jpg 300w, https:\/\/www.olansrl.com\/wp-content\/uploads\/2020\/10\/olan-scatole-derivazione-muratura-2-768x576.jpg 768w, https:\/\/www.olansrl.com\/wp-content\/uploads\/2020\/10\/olan-scatole-derivazione-muratura-2-600x450.jpg 600w\" sizes=\"(max-width: 1000px) 100vw, 1000px\" \/><div class=\"card-body\"><div class=\"d-flex justify-content-between align-items-center\"><h6 class=\"card-title mb-0 text-heading-default\"><strong>Cajas de derivaci\u00f3n para muros de mamposter\u00eda<\/strong><\/h6><svg class=\"pixfort-icon text-heading-default\" width=\"24\" height=\"24\"  viewBox=\"2 2 20 20\"><polyline fill=\"none\" stroke=\"var(--pf-icon-color)\" stroke-linecap=\"round\" stroke-linejoin=\"round\" stroke-width=\"var(--pf-icon-stroke-width)\" points=\"9.5 17 14.5 12 9.5 7\"\/><\/svg><\/div><\/div><\/div><\/a><\/div><div class=\"col-12 pb-4 grid-item category-cajas-de-empalmes-empotradas   col-md-6 col-lg-6\" data-category=\"transition\"><a href=\"https:\/\/www.olansrl.com\/es\/productos\/cajas-de-derivacion-para-paredes-de-carton-yeso\/\" class=\" fly-sm\"><div class=\"card bg-white rounded-lg overflow-hidden fly-sm shadow shadow-hover pix-mb-302 animate-in\" data-anim-type=\"fade-in\" data-anim-delay=\"200\"><img decoding=\"async\" width=\"1000\" height=\"750\" src=\"https:\/\/www.olansrl.com\/wp-content\/uploads\/2020\/10\/olan-scatole-derivazione-cartongesso-1.jpg\" class=\"card-img-top img-fluid\" alt=\"Cajas de derivaci\u00f3n para paredes de cart\u00f3n-yeso\" loading=\"lazy\" style=\"height:225px !important;width:100%;object-fit: cover;\" srcset=\"https:\/\/www.olansrl.com\/wp-content\/uploads\/2020\/10\/olan-scatole-derivazione-cartongesso-1.jpg 1000w, https:\/\/www.olansrl.com\/wp-content\/uploads\/2020\/10\/olan-scatole-derivazione-cartongesso-1-300x225.jpg 300w, https:\/\/www.olansrl.com\/wp-content\/uploads\/2020\/10\/olan-scatole-derivazione-cartongesso-1-768x576.jpg 768w, https:\/\/www.olansrl.com\/wp-content\/uploads\/2020\/10\/olan-scatole-derivazione-cartongesso-1-600x450.jpg 600w\" sizes=\"(max-width: 1000px) 100vw, 1000px\" \/><div class=\"card-body\"><div class=\"d-flex justify-content-between align-items-center\"><h6 class=\"card-title mb-0 text-heading-default\"><strong>Cajas de derivaci\u00f3n para paredes de cart\u00f3n-yeso<\/strong><\/h6><svg class=\"pixfort-icon text-heading-default\" width=\"24\" height=\"24\"  viewBox=\"2 2 20 20\"><polyline fill=\"none\" stroke=\"var(--pf-icon-color)\" stroke-linecap=\"round\" stroke-linejoin=\"round\" stroke-width=\"var(--pf-icon-stroke-width)\" points=\"9.5 17 14.5 12 9.5 7\"\/><\/svg><\/div><\/div><\/div><\/a><\/div><\/div><\/div><\/div>[\/vc_column][\/vc_row][\/vc_section]<\/div>","protected":false},"excerpt":{"rendered":"[vc_section full_width=\u00bbstretch_row\u00bb pix_over_visibility=\u00bb\u00bb responsive_css=\u00bb{\u00abpix_res_sm_pt\u00ab:\u00ab40px\u00ab,\u00abpix_res_md_pt\u00ab:\u00ab40px\u00ab}\u00bb css=\u00bb.vc_custom_1619094917294{padding-top: 80px !important;padding-bottom: 120px !important;}\u00bb][vc_row full_width=\u00bbstretch_row\u00bb pix_particles_check=\u00bb\u00bb css=\u00bb.vc_custom_1577117954152{margin-top: 0px !important;margin-bottom: 0px !important;}\u00bb][vc_column width=\u00bb1\/2&#8243; css=\u00bb.vc_custom_1619094884486{padding-bottom: 20px !important;}\u00bb][\/vc_column][vc_column width=\u00bb1\/2&#8243;][\/vc_column][\/vc_row][vc_row pix_particles_check=\u00bb\u00bb css=\u00bb.vc_custom_1619093828928{padding-top: 60px !important;}\u00bb][vc_column][\/vc_column][\/vc_row][\/vc_section]","protected":false},"author":1,"featured_media":0,"parent":0,"menu_order":0,"comment_status":"closed","ping_status":"closed","template":"","meta":{"inline_featured_image":false,"footnotes":""},"_links":{"self":[{"href":"https:\/\/www.olansrl.com\/es\/wp-json\/wp\/v2\/pages\/8479"}],"collection":[{"href":"https:\/\/www.olansrl.com\/es\/wp-json\/wp\/v2\/pages"}],"about":[{"href":"https:\/\/www.olansrl.com\/es\/wp-json\/wp\/v2\/types\/page"}],"author":[{"embeddable":true,"href":"https:\/\/www.olansrl.com\/es\/wp-json\/wp\/v2\/users\/1"}],"replies":[{"embeddable":true,"href":"https:\/\/www.olansrl.com\/es\/wp-json\/wp\/v2\/comments?post=8479"}],"version-history":[{"count":4,"href":"https:\/\/www.olansrl.com\/es\/wp-json\/wp\/v2\/pages\/8479\/revisions"}],"predecessor-version":[{"id":8484,"href":"https:\/\/www.olansrl.com\/es\/wp-json\/wp\/v2\/pages\/8479\/revisions\/8484"}],"wp:attachment":[{"href":"https:\/\/www.olansrl.com\/es\/wp-json\/wp\/v2\/media?parent=8479"}],"curies":[{"name":"wp","href":"https:\/\/api.w.org\/{rel}","templated":true}]}}